{"id":1538,"date":"2018-05-10T09:15:54","date_gmt":"2018-05-10T09:15:54","guid":{"rendered":"https:\/\/turismeruralelserradal.com\/legal-notice\/"},"modified":"2024-02-20T16:12:55","modified_gmt":"2024-02-20T15:12:55","slug":"disclaimer","status":"publish","type":"page","link":"https:\/\/www.turismeruralelserradal.com\/fr\/disclaimer\/","title":{"rendered":"Disclaimer"},"content":{"rendered":"<p>[et_pb_section fb_built=\u00a0\u00bb1&Prime; _builder_version=\u00a0\u00bb4.16&Prime; global_colors_info=\u00a0\u00bb{}\u00a0\u00bb][et_pb_row _builder_version=\u00a0\u00bb4.16&Prime; background_size=\u00a0\u00bbinitial\u00a0\u00bb background_position=\u00a0\u00bbtop_left\u00a0\u00bb background_repeat=\u00a0\u00bbrepeat\u00a0\u00bb global_colors_info=\u00a0\u00bb{}\u00a0\u00bb][et_pb_column type=\u00a0\u00bb4_4&Prime; _builder_version=\u00a0\u00bb4.16&Prime; custom_padding=\u00a0\u00bb|||\u00a0\u00bb global_colors_info=\u00a0\u00bb{}\u00a0\u00bb custom_padding__hover=\u00a0\u00bb|||\u00a0\u00bb][et_pb_text _builder_version=\u00a0\u00bb4.16&Prime; hover_enabled=\u00a0\u00bb0&Prime; border_style=\u00a0\u00bbsolid\u00a0\u00bb global_colors_info=\u00a0\u00bb{}\u00a0\u00bb sticky_enabled=\u00a0\u00bb0&Prime;]<\/p>\n<h1 style=\"text-align: center;\">Notice L\u00e9gale<\/h1>\n<p>[\/et_pb_text][et_pb_text _builder_version=\u00a0\u00bb4.24.1&Prime; hover_enabled=\u00a0\u00bb0&Prime; border_style=\u00a0\u00bbsolid\u00a0\u00bb global_colors_info=\u00a0\u00bb{}\u00a0\u00bb sticky_enabled=\u00a0\u00bb0&Prime;]<\/p>\n<p style=\"text-align: justify;\">AV\u00cdS LEGAL<\/p>\n<p style=\"text-align: justify;\">La Rodonella S.L. garanteix la privacitat de les dades de car\u00e0cter personal aportats, segons la LOPD. La visita a aquest website no suposa que l&rsquo;usuari estigui obligat a facilitar cap informaci\u00f3 sobre si mateix, per\u00f2 durant la visita \u00e9s possible que se sol\u00b7licitin dades de car\u00e0cter personal a trav\u00e9s de formularis.<\/p>\n<p style=\"text-align: justify;\">Aquestes dades seran utilitzades per contestar la sol\u00b7licitud per la seva part realitzada i per a l&rsquo;enviament de la mateixa, tamb\u00e9 seran utilitzades per enviar-los informaci\u00f3 de la nostra empresa i serveis per qualsevol mitj\u00e0 de comunicaci\u00f3, a l&rsquo;enviar aquest formulari vost\u00e8 est\u00e0 acceptat expl\u00edcitament la recepci\u00f3 dels mateixos , en el cas que no desitg\u00e9s rebre la nostra informaci\u00f3, \u00fanicament hauria d&rsquo;enviar un correu electr\u00f2nic sol\u00b7licitant la baixa del nostre servei informatiu a reserves@turismeruralelserradal.com, les seves dades personals formaran part del fitxer clients, el destinatari i responsable del fitxer i del tractament del mateix \u00e9s: La Rodonella SL; reserves@turismeruralelserradal.com. on podr\u00e0 exercir els drets d&rsquo;acc\u00e9s, rectificaci\u00f3, cancel\u00b7laci\u00f3 i oposici\u00f3, mitjan\u00e7ant escrit a l&rsquo;adre\u00e7a abans indicada incloent c\u00f2pia del DNI o document identificatiu equivalent.<\/p>\n<p style=\"text-align: justify;\">La negativa a proporcionar les dades suposar\u00e0 la no prestaci\u00f3 o la impossibilitat d&rsquo;accedir al servei per als que eren sol\u00b7licitats. Vost\u00e8 t\u00e9 dret a rebre resposta de qualsevol pregunta, consulta o aclariment que li sorgeixi derivada d&rsquo;aquest formulari. En el cas que aporti les seves dades a trav\u00e9s d&rsquo;un missatge de correu electr\u00f2nic, el mateix formar\u00e0 part del mateix fitxer la finalitat del qual ser\u00e0 la gesti\u00f3 de la sol\u00b7licitud o comentari que ens realitza, essent aplicables la resta d&rsquo;extrems indicats en el par\u00e0graf anterior.<\/p>\n<p style=\"text-align: justify;\">Tots els seus dades seran donats de baixa definitivament de la nostra base de dades pels seg\u00fcents motius: 1\u00ba- a petici\u00f3 seva. 2\u00ba- quan hagin deixat de ser necess\u00e0ries per als fins que van motivar la seva recollida. Les parts se sotmeten, a elecci\u00f3, per a la resoluci\u00f3 dels conflictes i amb ren\u00fancia a qualsevol altre fur, als jutjats i tribunals del domicili del propietari del lloc web.<\/p>\n<p>[\/et_pb_text][\/et_pb_column][\/et_pb_row][\/et_pb_section]<\/p>\n","protected":false},"excerpt":{"rendered":"<p>Notice L\u00e9gale AV\u00cdS LEGAL La Rodonella S.L. garanteix la privacitat de les dades de car\u00e0cter personal aportats, segons la LOPD. La visita a aquest website no suposa que l&rsquo;usuari estigui obligat a facilitar cap informaci\u00f3 sobre si mateix, per\u00f2 durant la visita \u00e9s possible que se sol\u00b7licitin dades de car\u00e0cter personal a trav\u00e9s de formularis. [&hellip;]<\/p>\n","protected":false},"author":3,"featured_media":0,"parent":0,"menu_order":0,"comment_status":"closed","ping_status":"closed","template":"","meta":{"_et_pb_use_builder":"on","_et_pb_old_content":"","_et_gb_content_width":"","footnotes":""},"class_list":["post-1538","page","type-page","status-publish","hentry"],"_links":{"self":[{"href":"https:\/\/www.turismeruralelserradal.com\/fr\/wp-json\/wp\/v2\/pages\/1538","targetHints":{"allow":["GET"]}}],"collection":[{"href":"https:\/\/www.turismeruralelserradal.com\/fr\/wp-json\/wp\/v2\/pages"}],"about":[{"href":"https:\/\/www.turismeruralelserradal.com\/fr\/wp-json\/wp\/v2\/types\/page"}],"author":[{"embeddable":true,"href":"https:\/\/www.turismeruralelserradal.com\/fr\/wp-json\/wp\/v2\/users\/3"}],"replies":[{"embeddable":true,"href":"https:\/\/www.turismeruralelserradal.com\/fr\/wp-json\/wp\/v2\/comments?post=1538"}],"version-history":[{"count":0,"href":"https:\/\/www.turismeruralelserradal.com\/fr\/wp-json\/wp\/v2\/pages\/1538\/revisions"}],"wp:attachment":[{"href":"https:\/\/www.turismeruralelserradal.com\/fr\/wp-json\/wp\/v2\/media?parent=1538"}],"curies":[{"name":"wp","href":"https:\/\/api.w.org\/{rel}","templated":true}]}}