{"id":1342,"date":"2017-11-02T10:28:21","date_gmt":"2017-11-02T10:28:21","guid":{"rendered":"https:\/\/turismeruralelserradal.com\/disponibilitat\/"},"modified":"2018-07-09T09:08:08","modified_gmt":"2018-07-09T09:08:08","slug":"disponibilite","status":"publish","type":"page","link":"https:\/\/www.turismeruralelserradal.com\/fr\/disponibilite\/","title":{"rendered":"Disponibilit\u00e9"},"content":{"rendered":"<p>[et_pb_section bb_built=\u00a0\u00bb1&Prime; fullwidth=\u00a0\u00bbon\u00a0\u00bb _builder_version=\u00a0\u00bb3.0.82&Prime; background_image=\u00a0\u00bbhttps:\/\/turismeruralelserradal.com\/wp-content\/uploads\/2017\/11\/disponibilidad-casa-rural.jpg\u00a0\u00bb custom_padding=\u00a0\u00bb0px|0px|10px|0px\u00a0\u00bb custom_css_main_element=\u00a0\u00bbheight:65vh;\u00a0\u00bb][et_pb_fullwidth_header title=\u00a0\u00bb Trouvez le chalet que vous recherchez\u00a0\u00bb background_layout=\u00a0\u00bbdark\u00a0\u00bb title_font_color=\u00a0\u00bb#ffffff\u00a0\u00bb background_overlay_color=\u00a0\u00bbrgba(0,0,0,0)\u00a0\u00bb content_max_width=\u00a0\u00bb65%\u00a0\u00bb _builder_version=\u00a0\u00bb3.0.82&Prime; title_font=\u00a0\u00bb|on|||\u00a0\u00bb title_text_align=\u00a0\u00bbleft\u00a0\u00bb title_font_size=\u00a0\u00bb75px\u00a0\u00bb content_text_align=\u00a0\u00bbleft\u00a0\u00bb content_font_size=\u00a0\u00bb20px\u00a0\u00bb max_width=\u00a0\u00bb70%\u00a0\u00bb module_alignment=\u00a0\u00bbleft\u00a0\u00bb custom_margin=\u00a0\u00bb|||\u00a0\u00bb custom_css_main_element=\u00a0\u00bbheight:65vh;||max-width: 100%!important;\u00a0\u00bb custom_css_title=\u00a0\u00bbtext-shadow:1px 1px 1px black;\u00a0\u00bb text_orientation=\u00a0\u00bbleft\u00a0\u00bb header_fullscreen=\u00a0\u00bboff\u00a0\u00bb header_scroll_down=\u00a0\u00bboff\u00a0\u00bb image_orientation=\u00a0\u00bbcenter\u00a0\u00bb content_orientation=\u00a0\u00bbcenter\u00a0\u00bb title_font_size_tablet=\u00a0\u00bb60px\u00a0\u00bb title_font_size_phone=\u00a0\u00bb45px\u00a0\u00bb title_font_size_last_edited=\u00a0\u00bbon|phone\u00a0\u00bb custom_button_one=\u00a0\u00bboff\u00a0\u00bb button_one_icon_placement=\u00a0\u00bbright\u00a0\u00bb box_shadow_position_button_one=\u00a0\u00bbouter\u00a0\u00bb custom_button_two=\u00a0\u00bboff\u00a0\u00bb button_two_icon_placement=\u00a0\u00bbright\u00a0\u00bb box_shadow_position_button_two=\u00a0\u00bbouter\u00a0\u00bb box_shadow_position=\u00a0\u00bbouter\u00a0\u00bb module_class=\u00a0\u00bbvdr_slide_with-leftText\u00a0\u00bb custom_css_subtitle=\u00a0\u00bbtext-shadow:1px 1px 1px black;\u00a0\u00bb \/][\/et_pb_section][et_pb_section bb_built=\u00a0\u00bb1&Prime; _builder_version=\u00a0\u00bb3.0.47&Prime;][et_pb_row _builder_version=\u00a0\u00bb3.0.47&Prime; background_size=\u00a0\u00bbinitial\u00a0\u00bb background_position=\u00a0\u00bbtop_left\u00a0\u00bb background_repeat=\u00a0\u00bbrepeat\u00a0\u00bb _i=\u00a0\u00bb0&Prime; _address=\u00a0\u00bb1.0&Prime;][et_pb_column type=\u00a0\u00bb4_4&Prime;][et_pb_text _builder_version=\u00a0\u00bb3.0.82&Prime; background_layout=\u00a0\u00bblight\u00a0\u00bb border_style=\u00a0\u00bbsolid\u00a0\u00bb box_shadow_position=\u00a0\u00bbouter\u00a0\u00bb module_class=\u00a0\u00bbvdr_moduloSubtitulo\u00a0\u00bb]<\/p>\n<h2><strong>Disponibilit\u00e9 des maisons<\/strong><\/h2>\n<p>Calendrier des r\u00e9servations pour El Serradal Mas Guanter<\/p>\n<p>[\/et_pb_text][\/et_pb_column][\/et_pb_row][et_pb_row background_color_2=\u00a0\u00bb#333333&Prime; padding_top_2=\u00a0\u00bb20px\u00a0\u00bb padding_right_2=\u00a0\u00bb20px\u00a0\u00bb padding_bottom_2=\u00a0\u00bb20px\u00a0\u00bb padding_left_2=\u00a0\u00bb20px\u00a0\u00bb _builder_version=\u00a0\u00bb3.0.82&Prime;][et_pb_column type=\u00a0\u00bb4_4&Prime;][et_pb_text _builder_version=\u00a0\u00bb3.0.82&Prime; background_layout=\u00a0\u00bblight\u00a0\u00bb border_style=\u00a0\u00bbsolid\u00a0\u00bb box_shadow_position=\u00a0\u00bbouter\u00a0\u00bb]<\/p>\n<p><iframe loading=\"lazy\" style=\"border: 0pt none;\" src=\"http:\/\/www.google.com\/calendar\/embed?src=elserradal%40gmail.com&amp;ctz=Europe\/Madrid\" frameborder=\"0\" scrolling=\"no\" width=\"100%\" height=\"600\"><\/iframe><\/p>\n<p style=\"text-align: center;\"><a href=\"\/reserves\"><img loading=\"lazy\" decoding=\"async\" title=\"boton6\" src=\"\/wp-content\/uploads\/2010\/09\/boton6.gif\" alt=\"\" width=\"150\" height=\"50\"><\/a><\/p>\n<p>[\/et_pb_text][\/et_pb_column][\/et_pb_row][\/et_pb_section]<\/p>\n","protected":false},"excerpt":{"rendered":"<p>V\u00e9rifiez la disponibilit\u00e9 pour r\u00e9server les maisons rurales de Casa Rural Ripoll et faire votre r\u00e9servation pour passer quelques jours dans les montagnes entour\u00e9es par la nature et faire des activit\u00e9s de toutes sortes.<\/p>\n","protected":false},"author":3,"featured_media":0,"parent":0,"menu_order":0,"comment_status":"closed","ping_status":"closed","template":"","meta":{"_et_pb_use_builder":"on","_et_pb_old_content":"","_et_gb_content_width":"","footnotes":""},"class_list":["post-1342","page","type-page","status-publish","hentry"],"_links":{"self":[{"href":"https:\/\/www.turismeruralelserradal.com\/fr\/wp-json\/wp\/v2\/pages\/1342","targetHints":{"allow":["GET"]}}],"collection":[{"href":"https:\/\/www.turismeruralelserradal.com\/fr\/wp-json\/wp\/v2\/pages"}],"about":[{"href":"https:\/\/www.turismeruralelserradal.com\/fr\/wp-json\/wp\/v2\/types\/page"}],"author":[{"embeddable":true,"href":"https:\/\/www.turismeruralelserradal.com\/fr\/wp-json\/wp\/v2\/users\/3"}],"replies":[{"embeddable":true,"href":"https:\/\/www.turismeruralelserradal.com\/fr\/wp-json\/wp\/v2\/comments?post=1342"}],"version-history":[{"count":0,"href":"https:\/\/www.turismeruralelserradal.com\/fr\/wp-json\/wp\/v2\/pages\/1342\/revisions"}],"wp:attachment":[{"href":"https:\/\/www.turismeruralelserradal.com\/fr\/wp-json\/wp\/v2\/media?parent=1342"}],"curies":[{"name":"wp","href":"https:\/\/api.w.org\/{rel}","templated":true}]}}