{"id":1166,"date":"2018-04-16T09:28:42","date_gmt":"2018-04-16T09:28:42","guid":{"rendered":"https:\/\/turismeruralelserradal.com\/confirmar-reserva\/"},"modified":"2018-05-04T11:07:28","modified_gmt":"2018-05-04T11:07:28","slug":"confirmer-reservation","status":"publish","type":"page","link":"https:\/\/www.turismeruralelserradal.com\/fr\/confirmer-reservation\/","title":{"rendered":"Merci d&rsquo;avoir rempli le formulaire!"},"content":{"rendered":"<p>[et_pb_section bb_built=\u00a0\u00bb1&Prime; _builder_version=\u00a0\u00bb3.0.82&Prime; background_image=\u00a0\u00bbhttps:\/\/turismeruralelserradal.com\/wp-content\/uploads\/2018\/03\/serradal-casa-rural.jpg\u00a0\u00bb custom_css_main_element=\u00a0\u00bbheight:400px;\u00a0\u00bb background_position=\u00a0\u00bbcenter_right\u00a0\u00bb][et_pb_row _builder_version=\u00a0\u00bb3.0.47&Prime; background_size=\u00a0\u00bbinitial\u00a0\u00bb background_position=\u00a0\u00bbtop_left\u00a0\u00bb background_repeat=\u00a0\u00bbrepeat\u00a0\u00bb _i=\u00a0\u00bb0&Prime; _address=\u00a0\u00bb0.0&Prime;][et_pb_column type=\u00a0\u00bb4_4&Prime;][\/et_pb_column][\/et_pb_row][\/et_pb_section][et_pb_section bb_built=\u00a0\u00bb1&Prime; _builder_version=\u00a0\u00bb3.0.47&Prime;][et_pb_row _builder_version=\u00a0\u00bb3.0.47&Prime; background_size=\u00a0\u00bbinitial\u00a0\u00bb background_position=\u00a0\u00bbtop_left\u00a0\u00bb background_repeat=\u00a0\u00bbrepeat\u00a0\u00bb _i=\u00a0\u00bb0&Prime; _address=\u00a0\u00bb1.0&Prime;][et_pb_column type=\u00a0\u00bb4_4&Prime;][et_pb_text _builder_version=\u00a0\u00bb3.0.82&Prime; header_text_align=\u00a0\u00bbcenter\u00a0\u00bb text_orientation=\u00a0\u00bbcenter\u00a0\u00bb module_alignment=\u00a0\u00bbcenter\u00a0\u00bb background_layout=\u00a0\u00bblight\u00a0\u00bb border_style=\u00a0\u00bbsolid\u00a0\u00bb box_shadow_position=\u00a0\u00bbouter\u00a0\u00bb]<\/p>\n<h1><strong>Merci d&rsquo;avoir rempli le formulaire!<\/strong><\/h1>\n<h2><strong>Nous prendrons contact avec vous d\u00e8s que possible<\/strong><\/h2>\n<p>[\/et_pb_text][et_pb_text _builder_version=\u00a0\u00bb3.0.82&Prime; header_text_align=\u00a0\u00bbcenter\u00a0\u00bb text_orientation=\u00a0\u00bbcenter\u00a0\u00bb module_alignment=\u00a0\u00bbcenter\u00a0\u00bb background_layout=\u00a0\u00bblight\u00a0\u00bb border_style=\u00a0\u00bbsolid\u00a0\u00bb box_shadow_position=\u00a0\u00bbouter\u00a0\u00bb]<\/p>\n<p>Veuillez v\u00e9rifier votre bo\u00eete de r\u00e9ception pour v\u00e9rifier que les donn\u00e9es saisies sont correctes.<\/p>\n<p>Si vous n&rsquo;avez pas re\u00e7u l&rsquo;e-mail ou trouv\u00e9 une erreur dans les informations que vous avez saisies, veuillez nous contacter par e-mail.<strong><a href=\"mailto:reservas@casaruralripoll.com\">reservas@casaruralripoll.com<\/a><\/strong> ou par notre t\u00e9l\u00e9phone <a href=\"tel:626008098\"><strong>626 00 80 98<\/strong>.<\/a><\/p>\n<p>[\/et_pb_text][\/et_pb_column][\/et_pb_row][\/et_pb_section]<\/p>\n","protected":false},"excerpt":{"rendered":"<p>Merci de remplir le formulaire!<\/p>\n","protected":false},"author":3,"featured_media":0,"parent":0,"menu_order":0,"comment_status":"closed","ping_status":"closed","template":"","meta":{"_et_pb_use_builder":"on","_et_pb_old_content":"","_et_gb_content_width":"","footnotes":""},"class_list":["post-1166","page","type-page","status-publish","hentry"],"_links":{"self":[{"href":"https:\/\/www.turismeruralelserradal.com\/fr\/wp-json\/wp\/v2\/pages\/1166","targetHints":{"allow":["GET"]}}],"collection":[{"href":"https:\/\/www.turismeruralelserradal.com\/fr\/wp-json\/wp\/v2\/pages"}],"about":[{"href":"https:\/\/www.turismeruralelserradal.com\/fr\/wp-json\/wp\/v2\/types\/page"}],"author":[{"embeddable":true,"href":"https:\/\/www.turismeruralelserradal.com\/fr\/wp-json\/wp\/v2\/users\/3"}],"replies":[{"embeddable":true,"href":"https:\/\/www.turismeruralelserradal.com\/fr\/wp-json\/wp\/v2\/comments?post=1166"}],"version-history":[{"count":0,"href":"https:\/\/www.turismeruralelserradal.com\/fr\/wp-json\/wp\/v2\/pages\/1166\/revisions"}],"wp:attachment":[{"href":"https:\/\/www.turismeruralelserradal.com\/fr\/wp-json\/wp\/v2\/media?parent=1166"}],"curies":[{"name":"wp","href":"https:\/\/api.w.org\/{rel}","templated":true}]}}