{"id":4353,"date":"2018-05-16T09:32:27","date_gmt":"2018-05-16T09:32:27","guid":{"rendered":"https:\/\/turismeruralelserradal.com\/politica-de-privadesa\/"},"modified":"2024-02-20T16:20:25","modified_gmt":"2024-02-20T15:20:25","slug":"politica-de-privacidad","status":"publish","type":"page","link":"https:\/\/www.turismeruralelserradal.com\/es\/politica-de-privacidad\/","title":{"rendered":"Pol\u00edtica de privacidad"},"content":{"rendered":"<h2>TITULAR WEB<\/h2>\n<p>&nbsp;<\/p>\n<p style=\"text-align: justify;\">En cumplimiento del art\u00edculo 10 de la Ley 34\/2002 del 11 de julio de Servicios de la Sociedad de la Informaci\u00f3n y de Rodonella SL. En calidad de titular del sitio web www.turismeruralelserradal.com le comunica los datos identificativos exigidos por la ley. Denominaci\u00f3n social: La Rodonella SL con CIF B-17394594 con domicilio fiscal: Carretera N-260, Km 111, San Juan de las Abadesas, 17860, Girona. Inscrita en el Registro Mercantil de Girona GI 12676, tomo 660, libro 0, folio 35. La presente informaci\u00f3n regula las condiciones de uso, las limitaciones de responsabilidad y las obligaciones que los usuarios de la p\u00e1gina Web que se publica bajo el nombre del dominio www.turismeruralelserradal.com las que los usuarios asumen y se comprometen a respetar.<\/p>\n<p>&nbsp;<\/p>\n<h2>Condiciones de uso<\/h2>\n<p>&nbsp;<\/p>\n<p style=\"text-align: justify;\">La utilizaci\u00f3n de la p\u00e1gina otorga la utilizaci\u00f3n de usuario e implica la aceptaci\u00f3n de las condiciones del aviso legal, pol\u00edtica de privacidad y condiciones de uso, si el usuario no estuviera de acuerdo, se abstendr\u00e1 de utilizar la p\u00e1gina. El Usuario est\u00e1 obligado y se compromete a utilizar la p\u00e1gina y los contenidos de conformidad con la legislaci\u00f3n vigente, el Aviso Legal, y cualquier otro aviso contenido en esta p\u00e1gina, as\u00ed como con las normas de convivencia, la moral y buenas costumbres generalmente aceptadas. El Usuario se obliga y se compromete a no transmitir, difundir o poner a disposici\u00f3n de terceros cualquier contenido de la p\u00e1gina, tales como informaciones, textos, datos, contenidos, mensajes, gr\u00e1ficos, dibujos, archivos de sonido y \/ o imagen, fotograf\u00edas, grabaciones, software, logotipos, marcas, iconos, tecnolog\u00eda, fotograf\u00edas, software, enlaces, dise\u00f1o gr\u00e1fico y c\u00f3digos fuente, o cualquier otro material al que tuviera acceso en su condici\u00f3n de Usuario de la P\u00e1gina, sin que esta enumeraci\u00f3n tenga car\u00e1cter limitativo. Propiedad intelectual Todas las marcas, nombres comerciales o signos distintivos de cualquier clase que aparecen en la P\u00e1gina son propiedad de Rodonella S.L. o, en su caso, de terceros que han autorizado su uso, sin que pueda entenderse que el uso o acceso al Portal y \/ oa los Contenidos atribuya al Usuario derecho alguno sobre las citadas marcas, nombres comerciales y \/ o signos distintivos , y sin que puedan entenderse cedidos al Usuario, ninguno de los derechos de explotaci\u00f3n que existen o puedan existir sobre dichos contenidos. Y no entiende cedidos ni se autoriza su utilizaci\u00f3n, en ning\u00fan caso, los usuarios de la P\u00e1gina salvo que se obtengan estos derechos por escrito del leg\u00edtimo titular de los mismos.<\/p>\n","protected":false},"excerpt":{"rendered":"<p>TITULAR WEB &nbsp; En cumplimiento del art\u00edculo 10 de la Ley 34\/2002 del 11 de julio de Servicios de la Sociedad de la Informaci\u00f3n y de Rodonella SL. En calidad de titular del sitio web www.turismeruralelserradal.com le comunica los datos identificativos exigidos por la ley. Denominaci\u00f3n social: La Rodonella SL con CIF B-17394594 con domicilio [&hellip;]<\/p>\n","protected":false},"author":9,"featured_media":0,"parent":0,"menu_order":0,"comment_status":"closed","ping_status":"closed","template":"","meta":{"_et_pb_use_builder":"","_et_pb_old_content":"","_et_gb_content_width":"","footnotes":""},"class_list":["post-4353","page","type-page","status-publish","hentry"],"_links":{"self":[{"href":"https:\/\/www.turismeruralelserradal.com\/es\/wp-json\/wp\/v2\/pages\/4353","targetHints":{"allow":["GET"]}}],"collection":[{"href":"https:\/\/www.turismeruralelserradal.com\/es\/wp-json\/wp\/v2\/pages"}],"about":[{"href":"https:\/\/www.turismeruralelserradal.com\/es\/wp-json\/wp\/v2\/types\/page"}],"author":[{"embeddable":true,"href":"https:\/\/www.turismeruralelserradal.com\/es\/wp-json\/wp\/v2\/users\/9"}],"replies":[{"embeddable":true,"href":"https:\/\/www.turismeruralelserradal.com\/es\/wp-json\/wp\/v2\/comments?post=4353"}],"version-history":[{"count":0,"href":"https:\/\/www.turismeruralelserradal.com\/es\/wp-json\/wp\/v2\/pages\/4353\/revisions"}],"wp:attachment":[{"href":"https:\/\/www.turismeruralelserradal.com\/es\/wp-json\/wp\/v2\/media?parent=4353"}],"curies":[{"name":"wp","href":"https:\/\/api.w.org\/{rel}","templated":true}]}}