{"id":1167,"date":"2018-04-16T09:28:42","date_gmt":"2018-04-16T09:28:42","guid":{"rendered":"https:\/\/turismeruralelserradal.com\/confirmar-reserva\/"},"modified":"2018-05-04T08:51:57","modified_gmt":"2018-05-04T08:51:57","slug":"confirmar-reserva","status":"publish","type":"page","link":"https:\/\/www.turismeruralelserradal.com\/es\/confirmar-reserva\/","title":{"rendered":"Gracias por rellenar el formulario"},"content":{"rendered":"<p>[et_pb_section bb_built=\u00bb1&#8243; _builder_version=\u00bb3.0.82&#8243; background_image=\u00bbhttps:\/\/turismeruralelserradal.com\/wp-content\/uploads\/2018\/03\/serradal-casa-rural.jpg\u00bb custom_css_main_element=\u00bbheight:400px;\u00bb background_position=\u00bbcenter_right\u00bb][et_pb_row _builder_version=\u00bb3.0.47&#8243; background_size=\u00bbinitial\u00bb background_position=\u00bbtop_left\u00bb background_repeat=\u00bbrepeat\u00bb _i=\u00bb0&#8243; _address=\u00bb0.0&#8243;][et_pb_column type=\u00bb4_4&#8243;][\/et_pb_column][\/et_pb_row][\/et_pb_section][et_pb_section bb_built=\u00bb1&#8243; _builder_version=\u00bb3.0.47&#8243;][et_pb_row _builder_version=\u00bb3.0.47&#8243; background_size=\u00bbinitial\u00bb background_position=\u00bbtop_left\u00bb background_repeat=\u00bbrepeat\u00bb _i=\u00bb0&#8243; _address=\u00bb1.0&#8243;][et_pb_column type=\u00bb4_4&#8243;][et_pb_text _builder_version=\u00bb3.0.82&#8243; header_text_align=\u00bbcenter\u00bb text_orientation=\u00bbcenter\u00bb module_alignment=\u00bbcenter\u00bb background_layout=\u00bblight\u00bb border_style=\u00bbsolid\u00bb box_shadow_position=\u00bbouter\u00bb]<\/p>\n<h1><strong>\u00a1Gracias por rellenar el formulario!<\/strong><\/h1>\n<h2><strong>Nos pondremos en contacto contigo lo m\u00e1s r\u00e1pido posible<\/strong><\/h2>\n<p>[\/et_pb_text][et_pb_text _builder_version=\u00bb3.0.82&#8243; header_text_align=\u00bbcenter\u00bb text_orientation=\u00bbcenter\u00bb module_alignment=\u00bbcenter\u00bb background_layout=\u00bblight\u00bb border_style=\u00bbsolid\u00bb box_shadow_position=\u00bbouter\u00bb]<\/p>\n<p>Por favor, revisa la bandeja de entrada para comprobar que los datos introducidos son correctos.<\/p>\n<p>Si no has recibido el correo electr\u00f3nico o encuentras alg\u00fan error en la informaci\u00f3n introducida, p\u00f3nte en contacto con nosotros a trav\u00e9s de nuestro e-mail <strong><a href=\"mailto:reservas@casaruralripoll.com\">reservas@casaruralripoll.com<\/a><\/strong> o llamando a nuestro tel\u00e9fono <a href=\"tel:626008098\"><strong>626 00 80 98<\/strong>.<\/a><\/p>\n<p>[\/et_pb_text][\/et_pb_column][\/et_pb_row][\/et_pb_section]<\/p>\n","protected":false},"excerpt":{"rendered":"<p>\u00a1Gracias por rellenar el formulario! Nos pondremos en contacto contigo lo m\u00e1s r\u00e1pido posible Por favor, revisa la bandeja de entrada para comprobar que los datos introducidos son correctos. Si no has recibido el correo electr\u00f3nico o encuentras alg\u00fan error en la informaci\u00f3n introducida, p\u00f3nte en contacto con nosotros a trav\u00e9s de nuestro e-mail reservas@casaruralripoll.com [&hellip;]<\/p>\n","protected":false},"author":3,"featured_media":0,"parent":0,"menu_order":0,"comment_status":"closed","ping_status":"closed","template":"","meta":{"_et_pb_use_builder":"on","_et_pb_old_content":"","_et_gb_content_width":"","footnotes":""},"class_list":["post-1167","page","type-page","status-publish","hentry"],"_links":{"self":[{"href":"https:\/\/www.turismeruralelserradal.com\/es\/wp-json\/wp\/v2\/pages\/1167","targetHints":{"allow":["GET"]}}],"collection":[{"href":"https:\/\/www.turismeruralelserradal.com\/es\/wp-json\/wp\/v2\/pages"}],"about":[{"href":"https:\/\/www.turismeruralelserradal.com\/es\/wp-json\/wp\/v2\/types\/page"}],"author":[{"embeddable":true,"href":"https:\/\/www.turismeruralelserradal.com\/es\/wp-json\/wp\/v2\/users\/3"}],"replies":[{"embeddable":true,"href":"https:\/\/www.turismeruralelserradal.com\/es\/wp-json\/wp\/v2\/comments?post=1167"}],"version-history":[{"count":0,"href":"https:\/\/www.turismeruralelserradal.com\/es\/wp-json\/wp\/v2\/pages\/1167\/revisions"}],"wp:attachment":[{"href":"https:\/\/www.turismeruralelserradal.com\/es\/wp-json\/wp\/v2\/media?parent=1167"}],"curies":[{"name":"wp","href":"https:\/\/api.w.org\/{rel}","templated":true}]}}