{"id":1527,"date":"2018-05-10T09:15:54","date_gmt":"2018-05-10T09:15:54","guid":{"rendered":"https:\/\/turismeruralelserradal.com\/?page_id=1527"},"modified":"2024-02-20T16:12:30","modified_gmt":"2024-02-20T15:12:30","slug":"legal-notice","status":"publish","type":"page","link":"https:\/\/www.turismeruralelserradal.com\/en\/legal-notice\/","title":{"rendered":"Aviso legal"},"content":{"rendered":"<p>[et_pb_section fb_built=&#8221;1&#8243; _builder_version=&#8221;4.16&#8243; global_colors_info=&#8221;{}&#8221;][et_pb_row _builder_version=&#8221;4.16&#8243; background_size=&#8221;initial&#8221; background_position=&#8221;top_left&#8221; background_repeat=&#8221;repeat&#8221; global_colors_info=&#8221;{}&#8221;][et_pb_column type=&#8221;4_4&#8243; _builder_version=&#8221;4.16&#8243; custom_padding=&#8221;|||&#8221; global_colors_info=&#8221;{}&#8221; custom_padding__hover=&#8221;|||&#8221;][et_pb_text _builder_version=&#8221;4.16&#8243; hover_enabled=&#8221;0&#8243; border_style=&#8221;solid&#8221; global_colors_info=&#8221;{}&#8221; sticky_enabled=&#8221;0&#8243;]<\/p>\n<h1 style=\"text-align: center;\">Legal Warning<\/h1>\n<p>[\/et_pb_text][et_pb_text _builder_version=&#8221;4.24.1&#8243; hover_enabled=&#8221;0&#8243; border_style=&#8221;solid&#8221; global_colors_info=&#8221;{}&#8221; sticky_enabled=&#8221;0&#8243;]<\/p>\n<p style=\"text-align: justify;\">AV\u00cdS LEGAL<\/p>\n<p style=\"text-align: justify;\">La Rodonella S.L. garanteix la privacitat de les dades de car\u00e0cter personal aportats, segons la LOPD. La visita a aquest website no suposa que l&#8217;usuari estigui obligat a facilitar cap informaci\u00f3 sobre si mateix, per\u00f2 durant la visita \u00e9s possible que se sol\u00b7licitin dades de car\u00e0cter personal a trav\u00e9s de formularis.<\/p>\n<p style=\"text-align: justify;\">Aquestes dades seran utilitzades per contestar la sol\u00b7licitud per la seva part realitzada i per a l&#8217;enviament de la mateixa, tamb\u00e9 seran utilitzades per enviar-los informaci\u00f3 de la nostra empresa i serveis per qualsevol mitj\u00e0 de comunicaci\u00f3, a l&#8217;enviar aquest formulari vost\u00e8 est\u00e0 acceptat expl\u00edcitament la recepci\u00f3 dels mateixos , en el cas que no desitg\u00e9s rebre la nostra informaci\u00f3, \u00fanicament hauria d&#8217;enviar un correu electr\u00f2nic sol\u00b7licitant la baixa del nostre servei informatiu a reserves@turismeruralelserradal.com, les seves dades personals formaran part del fitxer clients, el destinatari i responsable del fitxer i del tractament del mateix \u00e9s: La Rodonella SL; reserves@turismeruralelserradal.com. on podr\u00e0 exercir els drets d&#8217;acc\u00e9s, rectificaci\u00f3, cancel\u00b7laci\u00f3 i oposici\u00f3, mitjan\u00e7ant escrit a l&#8217;adre\u00e7a abans indicada incloent c\u00f2pia del DNI o document identificatiu equivalent.<\/p>\n<p style=\"text-align: justify;\">La negativa a proporcionar les dades suposar\u00e0 la no prestaci\u00f3 o la impossibilitat d&#8217;accedir al servei per als que eren sol\u00b7licitats. Vost\u00e8 t\u00e9 dret a rebre resposta de qualsevol pregunta, consulta o aclariment que li sorgeixi derivada d&#8217;aquest formulari. En el cas que aporti les seves dades a trav\u00e9s d&#8217;un missatge de correu electr\u00f2nic, el mateix formar\u00e0 part del mateix fitxer la finalitat del qual ser\u00e0 la gesti\u00f3 de la sol\u00b7licitud o comentari que ens realitza, essent aplicables la resta d&#8217;extrems indicats en el par\u00e0graf anterior.<\/p>\n<p style=\"text-align: justify;\">Tots els seus dades seran donats de baixa definitivament de la nostra base de dades pels seg\u00fcents motius: 1\u00ba- a petici\u00f3 seva. 2\u00ba- quan hagin deixat de ser necess\u00e0ries per als fins que van motivar la seva recollida. Les parts se sotmeten, a elecci\u00f3, per a la resoluci\u00f3 dels conflictes i amb ren\u00fancia a qualsevol altre fur, als jutjats i tribunals del domicili del propietari del lloc web.<\/p>\n<p>[\/et_pb_text][\/et_pb_column][\/et_pb_row][\/et_pb_section]<\/p>\n","protected":false},"excerpt":{"rendered":"<p>Legal Warning AV\u00cdS LEGAL La Rodonella S.L. garanteix la privacitat de les dades de car\u00e0cter personal aportats, segons la LOPD. La visita a aquest website no suposa que l&#8217;usuari estigui obligat a facilitar cap informaci\u00f3 sobre si mateix, per\u00f2 durant la visita \u00e9s possible que se sol\u00b7licitin dades de car\u00e0cter personal a trav\u00e9s de formularis. [&hellip;]<\/p>\n","protected":false},"author":3,"featured_media":0,"parent":0,"menu_order":0,"comment_status":"closed","ping_status":"closed","template":"","meta":{"_et_pb_use_builder":"on","_et_pb_old_content":"","_et_gb_content_width":"","footnotes":""},"class_list":["post-1527","page","type-page","status-publish","hentry"],"_links":{"self":[{"href":"https:\/\/www.turismeruralelserradal.com\/en\/wp-json\/wp\/v2\/pages\/1527","targetHints":{"allow":["GET"]}}],"collection":[{"href":"https:\/\/www.turismeruralelserradal.com\/en\/wp-json\/wp\/v2\/pages"}],"about":[{"href":"https:\/\/www.turismeruralelserradal.com\/en\/wp-json\/wp\/v2\/types\/page"}],"author":[{"embeddable":true,"href":"https:\/\/www.turismeruralelserradal.com\/en\/wp-json\/wp\/v2\/users\/3"}],"replies":[{"embeddable":true,"href":"https:\/\/www.turismeruralelserradal.com\/en\/wp-json\/wp\/v2\/comments?post=1527"}],"version-history":[{"count":0,"href":"https:\/\/www.turismeruralelserradal.com\/en\/wp-json\/wp\/v2\/pages\/1527\/revisions"}],"wp:attachment":[{"href":"https:\/\/www.turismeruralelserradal.com\/en\/wp-json\/wp\/v2\/media?parent=1527"}],"curies":[{"name":"wp","href":"https:\/\/api.w.org\/{rel}","templated":true}]}}